{"id":253,"date":"2022-02-09T16:42:10","date_gmt":"2022-02-09T15:42:10","guid":{"rendered":"http:\/\/ammerlanka.com\/?page_id=253"},"modified":"2022-03-01T17:26:37","modified_gmt":"2022-03-01T16:26:37","slug":"food","status":"publish","type":"page","link":"https:\/\/ammerlanka.com\/en\/food\/","title":{"rendered":"Food"},"content":{"rendered":"<div class=\"wp-block-cover alignfull\" style=\"min-height:100vh;aspect-ratio:unset;\"><span aria-hidden=\"true\" class=\"has-background-dim-0 wp-block-cover__gradient-background has-background-dim\"><\/span><img loading=\"lazy\" decoding=\"async\" width=\"1920\" height=\"1080\" class=\"wp-block-cover__image-background wp-image-256\" alt=\"\" src=\"http:\/\/ammerlanka.com\/wp-content\/uploads\/2022\/02\/kitchen-header.jpg\" data-object-fit=\"cover\" srcset=\"https:\/\/ammerlanka.com\/wp-content\/uploads\/2022\/02\/kitchen-header.jpg 1920w, https:\/\/ammerlanka.com\/wp-content\/uploads\/2022\/02\/kitchen-header-300x169.jpg 300w, https:\/\/ammerlanka.com\/wp-content\/uploads\/2022\/02\/kitchen-header-1024x576.jpg 1024w, https:\/\/ammerlanka.com\/wp-content\/uploads\/2022\/02\/kitchen-header-768x432.jpg 768w, https:\/\/ammerlanka.com\/wp-content\/uploads\/2022\/02\/kitchen-header-1536x864.jpg 1536w\" sizes=\"auto, (max-width: 1920px) 100vw, 1920px\" \/><div class=\"wp-block-cover__inner-container is-layout-flow wp-block-cover-is-layout-flow\">\n<p class=\"has-text-align-center has-large-font-size\"><\/p>\n<\/div><\/div>\n\n\n\n<div style=\"height:60px\" aria-hidden=\"true\" class=\"wp-block-spacer\"><\/div>\n\n\n\n<div class=\"wp-block-columns is-layout-flex wp-container-core-columns-is-layout-9d6595d7 wp-block-columns-is-layout-flex\">\n<div class=\"wp-block-column is-layout-flow wp-block-column-is-layout-flow\" style=\"flex-basis:66.66%\">\n<h1 class=\"has-neve-link-color-color has-text-color wp-block-heading\" id=\"welcome-to-our-fusion-kitchen\">welcome to our kitchen *****<\/h1>\n\n\n\n<p>Combining the best of both worlds. That's our credo for a distinctive cuisine. Experienced chefs from Switzerland, Germany, and Sri Lanka work for AMMERLANKA, offering consistently high quality and a diverse, healthy, and always surprisingly flavorful cuisine of the highest standard.<\/p>\n<\/div>\n\n\n\n<div class=\"wp-block-column is-layout-flow wp-block-column-is-layout-flow\" style=\"flex-basis:33.33%\">\n<figure class=\"wp-block-image size-full\"><img loading=\"lazy\" decoding=\"async\" width=\"823\" height=\"823\" src=\"http:\/\/ammerlanka.com\/wp-content\/uploads\/2022\/02\/kitchen-haupt.jpg\" alt=\"\" class=\"wp-image-259\" srcset=\"https:\/\/ammerlanka.com\/wp-content\/uploads\/2022\/02\/kitchen-haupt.jpg 823w, https:\/\/ammerlanka.com\/wp-content\/uploads\/2022\/02\/kitchen-haupt-300x300.jpg 300w, https:\/\/ammerlanka.com\/wp-content\/uploads\/2022\/02\/kitchen-haupt-150x150.jpg 150w, https:\/\/ammerlanka.com\/wp-content\/uploads\/2022\/02\/kitchen-haupt-768x768.jpg 768w\" sizes=\"auto, (max-width: 823px) 100vw, 823px\" \/><\/figure>\n<\/div>\n<\/div>\n\n\n\n<div style=\"height:40px\" aria-hidden=\"true\" class=\"wp-block-spacer\"><\/div>\n\n\n\n<div class=\"wp-block-columns is-layout-flex wp-container-core-columns-is-layout-9d6595d7 wp-block-columns-is-layout-flex\">\n<div class=\"wp-block-column quads has-nv-dark-bg-color has-nv-c-1-background-color has-text-color has-background is-layout-flow wp-block-column-is-layout-flow\">\n<div class=\"wp-block-image icon-style is-style-default\"><figure class=\"aligncenter size-large is-resized\"><img loading=\"lazy\" decoding=\"async\" src=\"http:\/\/ammerlanka.com\/wp-content\/uploads\/2022\/02\/essen-icon.svg\" alt=\"\" class=\"wp-image-91\" width=\"40\" height=\"40\"\/><\/figure><\/div>\n\n\n\n<h3 class=\"has-text-align-center margin-zero has-nv-site-bg-color has-text-color wp-block-heading\" id=\"bentota\">food<\/h3>\n\n\n\n<p class=\"has-text-align-center margin-zero has-nv-site-bg-color has-text-color\">All meals are served daily<br>freshly prepared, of course<br>without flavor enhancers,<br>vegetarian upon request<br>and also vegan.<\/p>\n<\/div>\n\n\n\n<div class=\"wp-block-column quads has-nv-dark-bg-color has-nv-c-2-background-color has-text-color has-background is-layout-flow wp-block-column-is-layout-flow\">\n<div class=\"wp-block-image icon-style is-style-default\"><figure class=\"aligncenter size-large is-resized\"><img loading=\"lazy\" decoding=\"async\" src=\"http:\/\/ammerlanka.com\/wp-content\/uploads\/2022\/02\/essen-icon-2.svg\" alt=\"\" class=\"wp-image-279\" width=\"40\" height=\"40\"\/><\/figure><\/div>\n\n\n\n<h3 class=\"has-text-align-center margin-zero has-nv-site-bg-color has-text-color wp-block-heading\" id=\"bentota\">specials<\/h3>\n\n\n\n<p class=\"has-text-align-center margin-zero has-nv-site-bg-color has-text-color translation-block\">Traditional Sri Lankan cuisine.<br>Catch of the day, special menus \u2013 please pay attention on the daily updated notice.<\/p>\n<\/div>\n\n\n\n<div class=\"wp-block-column quads has-nv-dark-bg-color has-text-color has-background is-layout-flow wp-block-column-is-layout-flow\" style=\"background-color:#e28e3d\">\n<div class=\"wp-block-image icon-style is-style-default\"><figure class=\"aligncenter size-large is-resized\"><img loading=\"lazy\" decoding=\"async\" src=\"http:\/\/ammerlanka.com\/wp-content\/uploads\/2022\/02\/gruppen-icon.svg\" alt=\"\" class=\"wp-image-286\" width=\"40\" height=\"40\"\/><\/figure><\/div>\n\n\n\n<h3 class=\"has-text-align-center margin-zero has-nv-site-bg-color has-text-color wp-block-heading\" id=\"bentota\">Groups<\/h3>\n\n\n\n<p class=\"has-text-align-center margin-zero has-nv-site-bg-color has-text-color\">Available from 2023.<\/p>\n<\/div>\n\n\n\n<div class=\"wp-block-column quads has-nv-dark-bg-color has-text-color has-background is-layout-flow wp-block-column-is-layout-flow\" style=\"background-color:#e8c536\">\n<div class=\"wp-block-image icon-style is-style-default\"><figure class=\"aligncenter size-large is-resized\"><img loading=\"lazy\" decoding=\"async\" src=\"http:\/\/ammerlanka.com\/wp-content\/uploads\/2022\/02\/cocktail-icon.svg\" alt=\"\" class=\"wp-image-294\" width=\"40\" height=\"40\"\/><\/figure><\/div>\n\n\n\n<h3 class=\"has-text-align-center margin-zero has-nv-site-bg-color has-text-color wp-block-heading\" id=\"bentota\">Drinks<\/h3>\n\n\n\n<p class=\"has-text-align-center margin-zero has-nv-site-bg-color has-text-color translation-block\">Our bar offers mixed drinks and specials from around the world also available without alcohol and wonderfully fresh fruit mixes.<\/p>\n<\/div>\n<\/div>\n\n\n\n<div style=\"height:40px\" aria-hidden=\"true\" class=\"wp-block-spacer\"><\/div>\n\n\n\n<div class=\"wp-block-columns is-layout-flex wp-container-core-columns-is-layout-9d6595d7 wp-block-columns-is-layout-flex\">\n<div class=\"wp-block-column is-layout-flow wp-block-column-is-layout-flow\" style=\"flex-basis:66.66%\">\n<h2 class=\"wp-block-heading\" id=\"die-srilankische-kuche\">Sri Lankan cuisine<\/h2>\n\n\n\n<p>Sri Lankan cuisine is a unique fusion of local produce with spices and recipes brought to the island over centuries. Sinhalese cuisine, for example, is a blend of Indian, Arabic, Malay, Portuguese, Dutch, and English influences. One thing that unites all Sri Lankan dishes is their fiery, spicy, and aromatic character. Caramelized sweet onions meet spicy curries and fiery coconut sambol. A key ingredient in many dishes is Maldive fish\u2014boiled, then dried and finely chopped bonito. This imparts a subtly fishy, \u200b\u200bspicy flavor, especially to Sri Lankan vegetable dishes.<\/p>\n<\/div>\n\n\n\n<div class=\"wp-block-column is-layout-flow wp-block-column-is-layout-flow\" style=\"flex-basis:33.33%\">\n<div class=\"wp-block-image\"><figure class=\"aligncenter size-full\"><img loading=\"lazy\" decoding=\"async\" width=\"1032\" height=\"581\" src=\"http:\/\/ammerlanka.com\/wp-content\/uploads\/2022\/02\/traditionell-2.jpg\" alt=\"\" class=\"wp-image-305\" srcset=\"https:\/\/ammerlanka.com\/wp-content\/uploads\/2022\/02\/traditionell-2.jpg 1032w, https:\/\/ammerlanka.com\/wp-content\/uploads\/2022\/02\/traditionell-2-300x169.jpg 300w, https:\/\/ammerlanka.com\/wp-content\/uploads\/2022\/02\/traditionell-2-1024x576.jpg 1024w, https:\/\/ammerlanka.com\/wp-content\/uploads\/2022\/02\/traditionell-2-768x432.jpg 768w\" sizes=\"auto, (max-width: 1032px) 100vw, 1032px\" \/><\/figure><\/div>\n<\/div>\n<\/div>\n\n\n\n<div class=\"wp-block-columns is-layout-flex wp-container-core-columns-is-layout-9d6595d7 wp-block-columns-is-layout-flex\">\n<div class=\"wp-block-column is-layout-flow wp-block-column-is-layout-flow\">\n<figure class=\"wp-block-image size-full\"><img loading=\"lazy\" decoding=\"async\" width=\"922\" height=\"922\" src=\"http:\/\/ammerlanka.com\/wp-content\/uploads\/2022\/02\/quad8.jpg\" alt=\"\" class=\"wp-image-311\" srcset=\"https:\/\/ammerlanka.com\/wp-content\/uploads\/2022\/02\/quad8.jpg 922w, https:\/\/ammerlanka.com\/wp-content\/uploads\/2022\/02\/quad8-300x300.jpg 300w, https:\/\/ammerlanka.com\/wp-content\/uploads\/2022\/02\/quad8-150x150.jpg 150w, https:\/\/ammerlanka.com\/wp-content\/uploads\/2022\/02\/quad8-768x768.jpg 768w\" sizes=\"auto, (max-width: 922px) 100vw, 922px\" \/><\/figure>\n<\/div>\n\n\n\n<div class=\"wp-block-column is-layout-flow wp-block-column-is-layout-flow\">\n<figure class=\"wp-block-image size-large\"><img loading=\"lazy\" decoding=\"async\" width=\"1024\" height=\"1024\" src=\"http:\/\/ammerlanka.com\/wp-content\/uploads\/2022\/02\/traditionell-haupt-zugeschnitten-1024x1024.jpg\" alt=\"\" class=\"wp-image-312\" srcset=\"https:\/\/ammerlanka.com\/wp-content\/uploads\/2022\/02\/traditionell-haupt-zugeschnitten-1024x1024.jpg 1024w, https:\/\/ammerlanka.com\/wp-content\/uploads\/2022\/02\/traditionell-haupt-zugeschnitten-300x300.jpg 300w, https:\/\/ammerlanka.com\/wp-content\/uploads\/2022\/02\/traditionell-haupt-zugeschnitten-150x150.jpg 150w, https:\/\/ammerlanka.com\/wp-content\/uploads\/2022\/02\/traditionell-haupt-zugeschnitten-768x768.jpg 768w, https:\/\/ammerlanka.com\/wp-content\/uploads\/2022\/02\/traditionell-haupt-zugeschnitten-1536x1536.jpg 1536w, https:\/\/ammerlanka.com\/wp-content\/uploads\/2022\/02\/traditionell-haupt-zugeschnitten-2048x2048.jpg 2048w\" sizes=\"auto, (max-width: 1024px) 100vw, 1024px\" \/><\/figure>\n<\/div>\n\n\n\n<div class=\"wp-block-column is-layout-flow wp-block-column-is-layout-flow\">\n<figure class=\"wp-block-image size-large\"><img loading=\"lazy\" decoding=\"async\" width=\"1024\" height=\"1024\" src=\"http:\/\/ammerlanka.com\/wp-content\/uploads\/2022\/02\/traditionell-3-1024x1024.jpg\" alt=\"\" class=\"wp-image-313\" srcset=\"https:\/\/ammerlanka.com\/wp-content\/uploads\/2022\/02\/traditionell-3-1024x1024.jpg 1024w, https:\/\/ammerlanka.com\/wp-content\/uploads\/2022\/02\/traditionell-3-300x300.jpg 300w, https:\/\/ammerlanka.com\/wp-content\/uploads\/2022\/02\/traditionell-3-150x150.jpg 150w, https:\/\/ammerlanka.com\/wp-content\/uploads\/2022\/02\/traditionell-3-768x768.jpg 768w, https:\/\/ammerlanka.com\/wp-content\/uploads\/2022\/02\/traditionell-3.jpg 1341w\" sizes=\"auto, (max-width: 1024px) 100vw, 1024px\" \/><\/figure>\n<\/div>\n\n\n\n<div class=\"wp-block-column is-layout-flow wp-block-column-is-layout-flow\"><\/div>\n<\/div>\n\n\n\n<div style=\"height:60px\" aria-hidden=\"true\" class=\"wp-block-spacer\"><\/div>\n\n\n\n<div class=\"wp-block-columns is-layout-flex wp-container-core-columns-is-layout-9d6595d7 wp-block-columns-is-layout-flex\">\n<div class=\"wp-block-column is-layout-flow wp-block-column-is-layout-flow\" style=\"flex-basis:66.66%\">\n<h2 class=\"wp-block-heading\" id=\"die-europaische-kuche\">European cuisine.<\/h2>\n\n\n\n<p>Sometimes traditionally hearty, sometimes refined in composition \u2013 AMMERLANKA also offers typical dishes from the Old World. For our guests who prefer to be pampered with European cuisine in Bentota.<\/p>\n<\/div>\n\n\n\n<div class=\"wp-block-column is-layout-flow wp-block-column-is-layout-flow\" style=\"flex-basis:33.33%\">\n<figure class=\"wp-block-image size-large\"><img loading=\"lazy\" decoding=\"async\" width=\"1024\" height=\"576\" src=\"http:\/\/ammerlanka.com\/wp-content\/uploads\/2022\/02\/europa-1-geschnitten-1024x576.jpg\" alt=\"\" class=\"wp-image-317\" srcset=\"https:\/\/ammerlanka.com\/wp-content\/uploads\/2022\/02\/europa-1-geschnitten-1024x576.jpg 1024w, https:\/\/ammerlanka.com\/wp-content\/uploads\/2022\/02\/europa-1-geschnitten-300x169.jpg 300w, https:\/\/ammerlanka.com\/wp-content\/uploads\/2022\/02\/europa-1-geschnitten-768x432.jpg 768w, https:\/\/ammerlanka.com\/wp-content\/uploads\/2022\/02\/europa-1-geschnitten.jpg 1032w\" sizes=\"auto, (max-width: 1024px) 100vw, 1024px\" \/><\/figure>\n<\/div>\n<\/div>\n\n\n\n<div class=\"wp-block-columns is-layout-flex wp-container-core-columns-is-layout-9d6595d7 wp-block-columns-is-layout-flex\">\n<div class=\"wp-block-column is-layout-flow wp-block-column-is-layout-flow\">\n<figure class=\"wp-block-image size-large\"><img loading=\"lazy\" decoding=\"async\" width=\"1024\" height=\"1024\" src=\"http:\/\/ammerlanka.com\/wp-content\/uploads\/2022\/02\/europa-3-1024x1024.jpg\" alt=\"\" class=\"wp-image-320\" srcset=\"https:\/\/ammerlanka.com\/wp-content\/uploads\/2022\/02\/europa-3-1024x1024.jpg 1024w, https:\/\/ammerlanka.com\/wp-content\/uploads\/2022\/02\/europa-3-300x300.jpg 300w, https:\/\/ammerlanka.com\/wp-content\/uploads\/2022\/02\/europa-3-150x150.jpg 150w, https:\/\/ammerlanka.com\/wp-content\/uploads\/2022\/02\/europa-3-768x768.jpg 768w, https:\/\/ammerlanka.com\/wp-content\/uploads\/2022\/02\/europa-3.jpg 1200w\" sizes=\"auto, (max-width: 1024px) 100vw, 1024px\" \/><\/figure>\n<\/div>\n\n\n\n<div class=\"wp-block-column is-layout-flow wp-block-column-is-layout-flow\">\n<figure class=\"wp-block-image size-large\"><img loading=\"lazy\" decoding=\"async\" width=\"1024\" height=\"1024\" src=\"http:\/\/ammerlanka.com\/wp-content\/uploads\/2022\/02\/europa-2-1024x1024.jpg\" alt=\"\" class=\"wp-image-321\" srcset=\"https:\/\/ammerlanka.com\/wp-content\/uploads\/2022\/02\/europa-2-1024x1024.jpg 1024w, https:\/\/ammerlanka.com\/wp-content\/uploads\/2022\/02\/europa-2-300x300.jpg 300w, https:\/\/ammerlanka.com\/wp-content\/uploads\/2022\/02\/europa-2-150x150.jpg 150w, https:\/\/ammerlanka.com\/wp-content\/uploads\/2022\/02\/europa-2-768x768.jpg 768w, https:\/\/ammerlanka.com\/wp-content\/uploads\/2022\/02\/europa-2.jpg 1200w\" sizes=\"auto, (max-width: 1024px) 100vw, 1024px\" \/><\/figure>\n<\/div>\n\n\n\n<div class=\"wp-block-column is-layout-flow wp-block-column-is-layout-flow\">\n<figure class=\"wp-block-image size-large\"><img loading=\"lazy\" decoding=\"async\" width=\"1024\" height=\"1024\" src=\"http:\/\/ammerlanka.com\/wp-content\/uploads\/2022\/02\/europa4-quad-1024x1024.jpg\" alt=\"\" class=\"wp-image-322\" srcset=\"https:\/\/ammerlanka.com\/wp-content\/uploads\/2022\/02\/europa4-quad-1024x1024.jpg 1024w, https:\/\/ammerlanka.com\/wp-content\/uploads\/2022\/02\/europa4-quad-300x300.jpg 300w, https:\/\/ammerlanka.com\/wp-content\/uploads\/2022\/02\/europa4-quad-150x150.jpg 150w, https:\/\/ammerlanka.com\/wp-content\/uploads\/2022\/02\/europa4-quad-768x768.jpg 768w, https:\/\/ammerlanka.com\/wp-content\/uploads\/2022\/02\/europa4-quad.jpg 1156w\" sizes=\"auto, (max-width: 1024px) 100vw, 1024px\" \/><\/figure>\n<\/div>\n\n\n\n<div class=\"wp-block-column is-layout-flow wp-block-column-is-layout-flow\"><\/div>\n<\/div>","protected":false},"excerpt":{"rendered":"<p>welcome to our kitchen ***** Das Beste aus den beiden Welten vereint. Das ist unser Credo einer unverwechselbaren K\u00fcche. K\u00f6che mit viel Erfahrung \u2013 aus den L\u00e4ndern Schweiz, Deutschland und Sri Lanka arbeiten f\u00fcr AMMERLANKA, bieten konstante gute Qualit\u00e4t und eine abwechslungsreiche, gesunde, geschmacklich immer wieder \u00fcberraschende K\u00fcche auf hohem Niveau. food Alle Speisen werden&hellip;&nbsp;<a href=\"https:\/\/ammerlanka.com\/en\/food\/\" class=\"\" rel=\"bookmark\">Read More &raquo;<span class=\"screen-reader-text\">Food<\/span><\/a><\/p>","protected":false},"author":1,"featured_media":0,"parent":0,"menu_order":0,"comment_status":"closed","ping_status":"closed","template":"","meta":{"inline_featured_image":false,"neve_meta_sidebar":"","neve_meta_container":"","neve_meta_enable_content_width":"","neve_meta_content_width":0,"neve_meta_title_alignment":"","neve_meta_author_avatar":"","neve_post_elements_order":"","neve_meta_disable_header":"","neve_meta_disable_footer":"","neve_meta_disable_title":"","_glsr_average":0,"_glsr_ranking":0,"_glsr_reviews":0,"footnotes":""},"class_list":["post-253","page","type-page","status-publish","hentry"],"_links":{"self":[{"href":"https:\/\/ammerlanka.com\/en\/wp-json\/wp\/v2\/pages\/253","targetHints":{"allow":["GET"]}}],"collection":[{"href":"https:\/\/ammerlanka.com\/en\/wp-json\/wp\/v2\/pages"}],"about":[{"href":"https:\/\/ammerlanka.com\/en\/wp-json\/wp\/v2\/types\/page"}],"author":[{"embeddable":true,"href":"https:\/\/ammerlanka.com\/en\/wp-json\/wp\/v2\/users\/1"}],"replies":[{"embeddable":true,"href":"https:\/\/ammerlanka.com\/en\/wp-json\/wp\/v2\/comments?post=253"}],"version-history":[{"count":10,"href":"https:\/\/ammerlanka.com\/en\/wp-json\/wp\/v2\/pages\/253\/revisions"}],"predecessor-version":[{"id":579,"href":"https:\/\/ammerlanka.com\/en\/wp-json\/wp\/v2\/pages\/253\/revisions\/579"}],"wp:attachment":[{"href":"https:\/\/ammerlanka.com\/en\/wp-json\/wp\/v2\/media?parent=253"}],"curies":[{"name":"wp","href":"https:\/\/api.w.org\/{rel}","templated":true}]}}